{"id":1425,"date":"2023-05-10T18:06:27","date_gmt":"2023-05-10T18:06:27","guid":{"rendered":"https:\/\/www.paragrafmd.pl\/?page_id=1425"},"modified":"2023-06-13T12:10:31","modified_gmt":"2023-06-13T12:10:31","slug":"publikacje","status":"publish","type":"page","link":"https:\/\/www.paragrafmd.pl\/uk\/publikacje\/","title":{"rendered":"\u041f\u0443\u0431\u043b\u0456\u043a\u0430\u0446\u0456\u0457"},"content":{"rendered":"<div data-elementor-type=\"wp-page\" data-elementor-id=\"1425\" class=\"elementor elementor-1425\">\n\t\t\t\t\t\t<section class=\"elementor-section elementor-top-section elementor-element elementor-element-6d9a90b elementor-section-height-min-height elementor-section-boxed elementor-section-height-default elementor-section-items-middle\" data-id=\"6d9a90b\" data-element_type=\"section\" data-settings=\"{&quot;background_background&quot;:&quot;classic&quot;}\">\n\t\t\t\t\t\t\t<div class=\"elementor-background-overlay\"><\/div>\n\t\t\t\t\t\t\t<div class=\"elementor-container elementor-column-gap-no\">\n\t\t\t\t\t<div class=\"elementor-column elementor-col-100 elementor-top-column elementor-element elementor-element-2eebc89\" data-id=\"2eebc89\" data-element_type=\"column\">\n\t\t\t<div class=\"elementor-widget-wrap elementor-element-populated\">\n\t\t\t\t\t\t<div class=\"elementor-element elementor-element-983859b elementor-widget-divider--view-line elementor-widget elementor-widget-divider\" data-id=\"983859b\" data-element_type=\"widget\" data-widget_type=\"divider.default\">\n\t\t\t\t<div class=\"elementor-widget-container\">\n\t\t\t\t\t\t\t<div class=\"elementor-divider\">\n\t\t\t<span class=\"elementor-divider-separator\">\n\t\t\t\t\t\t<\/span>\n\t\t<\/div>\n\t\t\t\t\t\t<\/div>\n\t\t\t\t<\/div>\n\t\t\t\t<div class=\"elementor-element elementor-element-ea74c4b elementor-widget elementor-widget-heading\" data-id=\"ea74c4b\" data-element_type=\"widget\" data-widget_type=\"heading.default\">\n\t\t\t\t<div class=\"elementor-widget-container\">\n\t\t\t\t\t<h1 class=\"elementor-heading-title elementor-size-default\">\u041f\u0443\u0431\u043b\u0456\u043a\u0430\u0446\u0456\u0457<\/h1>\t\t\t\t<\/div>\n\t\t\t\t<\/div>\n\t\t\t\t<div class=\"elementor-element elementor-element-2ea2d6b elementor-widget elementor-widget-text-editor\" data-id=\"2ea2d6b\" data-element_type=\"widget\" data-widget_type=\"text-editor.default\">\n\t\t\t\t<div class=\"elementor-widget-container\">\n\t\t\t\t\t\t\t\t\t<p><em>\u041d\u0430 \u0446\u0456\u0439 \u0441\u0442\u043e\u0440\u0456\u043d\u0446\u0456 \u0431\u0443\u0434\u0443\u0442\u044c \u0440\u043e\u0437\u043c\u0456\u0449\u0435\u043d\u0456 \u0441\u0435\u0440\u0456\u0457 \u0441\u0442\u0430\u0442\u0435\u0439, \u043f\u0456\u0434\u0433\u043e\u0442\u043e\u0432\u043b\u0435\u043d\u0456 \u043d\u0430\u0448\u043e\u044e \u043a\u043e\u043c\u0430\u043d\u0434\u043e\u044e \u043d\u0430 \u043e\u0431\u0440\u0430\u043d\u0456 \u0442\u0435\u043c\u0438. \u0421\u043f\u043e\u0434\u0456\u0432\u0430\u0454\u043c\u043e\u0441\u044f, \u0449\u043e \u0437\u0456\u0431\u0440\u0430\u043d\u0430 \u043d\u0430\u043c\u0438 \u0456\u043d\u0444\u043e\u0440\u043c\u0430\u0446\u0456\u044f \u0431\u0443\u0434\u0435 \u0434\u043b\u044f \u0432\u0430\u0441 \u043a\u043e\u0440\u0438\u0441\u043d\u043e\u044e. \u042f\u043a\u0449\u043e \u0443 \u0432\u0430\u0441 \u0432\u0438\u043d\u0438\u043a\u043d\u0443\u0442\u044c \u0437\u0430\u043f\u0438\u0442\u0430\u043d\u043d\u044f, \u0431\u0443\u0434\u044c \u043b\u0430\u0441\u043a\u0430, \u0437\u0432\u0435\u0440\u0442\u0430\u0439\u0442\u0435\u0441\u044f \u0434\u043e \u043d\u0430\u0441!<br \/><\/em><\/p>\t\t\t\t\t\t\t\t<\/div>\n\t\t\t\t<\/div>\n\t\t\t\t\t<\/div>\n\t\t<\/div>\n\t\t\t\t\t<\/div>\n\t\t<\/section>\n\t\t\t\t<section class=\"elementor-section elementor-top-section elementor-element elementor-element-cac6523 elementor-section-boxed elementor-section-height-default elementor-section-height-default\" data-id=\"cac6523\" data-element_type=\"section\">\n\t\t\t\t\t\t<div class=\"elementor-container elementor-column-gap-default\">\n\t\t\t\t\t<div class=\"elementor-column elementor-col-100 elementor-top-column elementor-element elementor-element-03110b2\" data-id=\"03110b2\" data-element_type=\"column\">\n\t\t\t<div class=\"elementor-widget-wrap\">\n\t\t\t\t\t\t\t<\/div>\n\t\t<\/div>\n\t\t\t\t\t<\/div>\n\t\t<\/section>\n\t\t\t\t<section class=\"elementor-section elementor-top-section elementor-element elementor-element-9a92740 elementor-section-boxed elementor-section-height-default elementor-section-height-default\" data-id=\"9a92740\" data-element_type=\"section\" data-settings=\"{&quot;background_background&quot;:&quot;classic&quot;}\">\n\t\t\t\t\t\t<div class=\"elementor-container elementor-column-gap-no\">\n\t\t\t\t\t<div class=\"elementor-column elementor-col-100 elementor-top-column elementor-element elementor-element-7d6afba\" data-id=\"7d6afba\" data-element_type=\"column\">\n\t\t\t<div class=\"elementor-widget-wrap elementor-element-populated\">\n\t\t\t\t\t\t<section class=\"elementor-section elementor-inner-section elementor-element elementor-element-bf22e7d elementor-section-boxed elementor-section-height-default elementor-section-height-default\" data-id=\"bf22e7d\" data-element_type=\"section\" data-settings=\"{&quot;background_background&quot;:&quot;classic&quot;}\">\n\t\t\t\t\t\t<div class=\"elementor-container elementor-column-gap-default\">\n\t\t\t\t\t<div class=\"elementor-column elementor-col-50 elementor-inner-column elementor-element elementor-element-4c98e8c\" data-id=\"4c98e8c\" data-element_type=\"column\">\n\t\t\t<div class=\"elementor-widget-wrap elementor-element-populated\">\n\t\t\t\t\t\t<div class=\"elementor-element elementor-element-fa16abb elementor-widget elementor-widget-text-editor\" data-id=\"fa16abb\" data-element_type=\"widget\" data-widget_type=\"text-editor.default\">\n\t\t\t\t<div class=\"elementor-widget-container\">\n\t\t\t\t\t\t\t\t\t<p><strong>\u0426\u0438\u043a\u043b \u0441\u0442\u0430\u0442\u0435\u0439 -<\/strong><span style=\"color: #000000;\"><em> &#8222;<a style=\"color: #000000;\" href=\"https:\/\/www.paragrafmd.pl\/uk\/specjalizacje-2\/pub\/\">\"\u042f\u043a \u0441\u0442\u0430\u0442\u0438 \u043f\u0456\u0434\u043f\u0440\u0438\u0454\u043c\u0446\u0435\u043c\"<\/a>&#8222;<\/em><\/span><\/p>\t\t\t\t\t\t\t\t<\/div>\n\t\t\t\t<\/div>\n\t\t\t\t\t<\/div>\n\t\t<\/div>\n\t\t\t\t<div class=\"elementor-column elementor-col-50 elementor-inner-column elementor-element elementor-element-ba6789e\" data-id=\"ba6789e\" data-element_type=\"column\">\n\t\t\t<div class=\"elementor-widget-wrap elementor-element-populated\">\n\t\t\t\t\t\t<div class=\"elementor-element elementor-element-05ea252 elementor-widget elementor-widget-text-editor\" data-id=\"05ea252\" data-element_type=\"widget\" data-widget_type=\"text-editor.default\">\n\t\t\t\t<div class=\"elementor-widget-container\">\n\t\t\t\t\t\t\t\t\t<p>\u0421\u0435\u0440\u0456\u044f \u0441\u0442\u0430\u0442\u0435\u0439, \u0441\u043f\u0440\u044f\u043c\u043e\u0432\u0430\u043d\u0430 \u0434\u043e \u043b\u044e\u0434\u0435\u0439, \u044f\u043a\u0456 \u0442\u0456\u043b\u044c\u043a\u0438 \u043f\u043e\u0447\u0438\u043d\u0430\u044e\u0442\u044c \u0440\u0435\u0430\u043b\u0456\u0437\u043e\u0432\u0443\u0432\u0430\u0442\u0438 \u0441\u0432\u043e\u0457 \u043c\u0440\u0456\u0457. \u0423 \u0446\u0456\u0439 \u0441\u0435\u0440\u0456\u0457 \u0432\u0438 \u0437\u043d\u0430\u0439\u0434\u0435\u0442\u0435 \u0431\u0430\u0437\u043e\u0432\u0443, \u0430 \u043e\u0442\u0436\u0435, \u043a\u043b\u044e\u0447\u043e\u0432\u0443 \u0456\u043d\u0444\u043e\u0440\u043c\u0430\u0446\u0456\u044e \u043f\u0440\u043e \u0444\u043e\u0440\u043c\u0438 \u0432\u0435\u0434\u0435\u043d\u043d\u044f \u0431\u0456\u0437\u043d\u0435\u0441\u0443 \u0442\u0430 \u043f\u043e\u0432'\u044f\u0437\u0430\u043d\u0456 \u0437 \u0446\u0438\u043c \u0444\u043e\u0440\u043c\u0430\u043b\u044c\u043d\u043e\u0441\u0442\u0456.<\/p>\t\t\t\t\t\t\t\t<\/div>\n\t\t\t\t<\/div>\n\t\t\t\t\t<\/div>\n\t\t<\/div>\n\t\t\t\t\t<\/div>\n\t\t<\/section>\n\t\t\t\t<section class=\"elementor-section elementor-inner-section elementor-element elementor-element-722166b elementor-section-boxed elementor-section-height-default elementor-section-height-default\" data-id=\"722166b\" data-element_type=\"section\">\n\t\t\t\t\t\t<div class=\"elementor-container elementor-column-gap-default\">\n\t\t\t\t\t<div class=\"elementor-column elementor-col-50 elementor-inner-column elementor-element elementor-element-44083bc\" data-id=\"44083bc\" data-element_type=\"column\">\n\t\t\t<div class=\"elementor-widget-wrap elementor-element-populated\">\n\t\t\t\t\t\t<div class=\"elementor-element elementor-element-c06a47d elementor-widget elementor-widget-text-editor\" data-id=\"c06a47d\" data-element_type=\"widget\" data-widget_type=\"text-editor.default\">\n\t\t\t\t<div class=\"elementor-widget-container\">\n\t\t\t\t\t\t\t\t\t<p><strong>\u0426\u0438\u043a\u043b \u0441\u0442\u0430\u0442\u0435\u0439 -<\/strong><span style=\"color: #000000;\"><em> &#8222;<a style=\"color: #000000;\" href=\"https:\/\/www.paragrafmd.pl\/uk\/publikacje\/cykl-artykulow-pracodawca-i-pracownik\/\">\u041f\u0440\u0430\u0446\u0435\u0434\u0430\u0432\u0435\u0446\u044c \u0456 \u043f\u0440\u0430\u0446\u0456\u0432\u043d\u0438\u043a<\/a>&#8222;<\/em><\/span><\/p>\t\t\t\t\t\t\t\t<\/div>\n\t\t\t\t<\/div>\n\t\t\t\t\t<\/div>\n\t\t<\/div>\n\t\t\t\t<div class=\"elementor-column elementor-col-50 elementor-inner-column elementor-element elementor-element-dd45b56\" data-id=\"dd45b56\" data-element_type=\"column\">\n\t\t\t<div class=\"elementor-widget-wrap elementor-element-populated\">\n\t\t\t\t\t\t<div class=\"elementor-element elementor-element-c2bf692 elementor-widget elementor-widget-text-editor\" data-id=\"c2bf692\" data-element_type=\"widget\" data-widget_type=\"text-editor.default\">\n\t\t\t\t<div class=\"elementor-widget-container\">\n\t\t\t\t\t\t\t\t\t<p>\u0414\u0430\u043d\u0430 \u0441\u0435\u0440\u0456\u044f \u0441\u0442\u0430\u0442\u0435\u0439 \u0431\u0443\u0434\u0435 \u043f\u0440\u0438\u0441\u0432\u044f\u0447\u0435\u043d\u0430 \u0442\u0440\u0443\u0434\u043e\u0432\u043e\u043c\u0443 \u043f\u0440\u0430\u0432\u0443. \u0423 \u0446\u0456\u0439 \u0441\u0435\u0440\u0456\u0457 \u043c\u0438 \u0440\u043e\u0437\u043a\u0440\u0438\u0454\u043c\u043e \u0432\u0430\u043c \u043f\u0440\u0430\u0432\u0438\u043b\u0430 \u0442\u0430 \u043d\u043e\u0440\u043c\u0438, \u044f\u043a\u0456 \u0440\u0435\u0433\u0443\u043b\u044e\u044e\u0442\u044c \u0442\u0440\u0443\u0434\u043e\u0432\u0456 \u0432\u0456\u0434\u043d\u043e\u0441\u0438\u043d\u0438, \u043f\u0440\u0430\u0432\u0430 \u0442\u0430 \u043e\u0431\u043e\u0432'\u044f\u0437\u043a\u0438 \u0441\u0442\u043e\u0440\u0456\u043d \u0442\u0440\u0443\u0434\u043e\u0432\u043e\u0433\u043e \u0434\u043e\u0433\u043e\u0432\u043e\u0440\u0443, \u0430 \u0442\u0430\u043a\u043e\u0436 \u0430\u0441\u043f\u0435\u043a\u0442\u0438, \u043f\u043e\u0432'\u044f\u0437\u0430\u043d\u0456 \u0437 \u043e\u043f\u043b\u0430\u0442\u043e\u044e \u043f\u0440\u0430\u0446\u0456, \u0432\u0456\u0434\u043f\u0443\u0441\u0442\u043a\u0430\u043c\u0438 \u0442\u0430 \u0437\u0430\u0445\u0438\u0441\u0442\u043e\u043c \u043f\u0440\u0430\u0446\u0456\u0432\u043d\u0438\u043a\u0456\u0432. \u041c\u0438 \u0440\u043e\u0437\u0433\u043b\u044f\u043d\u0435\u043c\u043e \u0440\u0456\u0437\u043d\u043e\u043c\u0430\u043d\u0456\u0442\u043d\u0456 \u043f\u0438\u0442\u0430\u043d\u043d\u044f \u0442\u0440\u0443\u0434\u043e\u0432\u043e\u0433\u043e \u043f\u0440\u0430\u0432\u0430, \u043d\u0430\u0434\u0430\u043c\u043e \u0446\u0456\u043d\u043d\u0443 \u0456\u043d\u0444\u043e\u0440\u043c\u0430\u0446\u0456\u044e \u0442\u0430 \u043f\u0440\u0430\u043a\u0442\u0438\u0447\u043d\u0456 \u043f\u043e\u0440\u0430\u0434\u0438, \u044f\u043a\u0456 \u0434\u043e\u043f\u043e\u043c\u043e\u0436\u0443\u0442\u044c \u0432\u0430\u043c \u0437\u0440\u043e\u0437\u0443\u043c\u0456\u0442\u0438 \u0442\u0430 \u0432\u043f\u043e\u0440\u0430\u0442\u0438\u0441\u044f \u0437 \u0434\u0438\u043d\u0430\u043c\u0456\u0447\u043d\u0438\u043c \u0441\u0432\u0456\u0442\u043e\u043c \u043f\u0440\u0430\u0446\u0435\u0432\u043b\u0430\u0448\u0442\u0443\u0432\u0430\u043d\u043d\u044f.\u00a0<\/p><p>\u00a0<\/p>\t\t\t\t\t\t\t\t<\/div>\n\t\t\t\t<\/div>\n\t\t\t\t\t<\/div>\n\t\t<\/div>\n\t\t\t\t\t<\/div>\n\t\t<\/section>\n\t\t\t\t\t<\/div>\n\t\t<\/div>\n\t\t\t\t\t<\/div>\n\t\t<\/section>\n\t\t\t\t<\/div>","protected":false},"excerpt":{"rendered":"<p>Publikacje Tutaj zostan\u0105 opublikowane przygotowane przez nasz zesp\u00f3\u0142 serie artyku\u0142\u00f3w na wybrane tematy. Mamy nadzieje, opracowane przez nas informacje b\u0119d\u0105 dla Pa\u0144stwa przydatne. W razie zaistnienia jakichkolwiek pyta\u0144, zapraszamy do kontaktu! Cykl artyku\u0142\u00f3w &#8211; &#8222;Staje si\u0119 przedsi\u0119biorc\u0105&#8222; Seria artyku\u0142\u00f3w przygotowana z my\u015b\u0142\u0105 o osobach, kt\u00f3re dopiero zaczynaj\u0105 realizowa\u0107 swoje marzenia. W danej serii znajdziecie Pa\u0144stwo [&hellip;]<\/p>","protected":false},"author":1,"featured_media":0,"parent":0,"menu_order":0,"comment_status":"open","ping_status":"closed","template":"","meta":{"om_disable_all_campaigns":false,"_uag_custom_page_level_css":"","_monsterinsights_skip_tracking":false,"_monsterinsights_sitenote_active":false,"_monsterinsights_sitenote_note":"","_monsterinsights_sitenote_category":0,"site-sidebar-layout":"default","site-content-layout":"page-builder","ast-site-content-layout":"default","site-content-style":"default","site-sidebar-style":"default","ast-global-header-display":"","ast-banner-title-visibility":"","ast-main-header-display":"","ast-hfb-above-header-display":"","ast-hfb-below-header-display":"","ast-hfb-mobile-header-display":"","site-post-title":"disabled","ast-breadcrumbs-content":"disabled","ast-featured-img":"disabled","footer-sml-layout":"","theme-transparent-header-meta":"enabled","adv-header-id-meta":"","stick-header-meta":"","header-above-stick-meta":"","header-main-stick-meta":"","header-below-stick-meta":"","astra-migrate-meta-layouts":"default","ast-page-background-enabled":"default","ast-page-background-meta":{"desktop":{"background-color":"","background-image":"","background-repeat":"repeat","background-position":"center center","background-size":"auto","background-attachment":"scroll","background-type":"","background-media":"","overlay-type":"","overlay-color":"","overlay-opacity":"","overlay-gradient":""},"tablet":{"background-color":"","background-image":"","background-repeat":"repeat","background-position":"center center","background-size":"auto","background-attachment":"scroll","background-type":"","background-media":"","overlay-type":"","overlay-color":"","overlay-opacity":"","overlay-gradient":""},"mobile":{"background-color":"","background-image":"","background-repeat":"repeat","background-position":"center center","background-size":"auto","background-attachment":"scroll","background-type":"","background-media":"","overlay-type":"","overlay-color":"","overlay-opacity":"","overlay-gradient":""}},"ast-content-background-meta":{"desktop":{"background-color":"var(--ast-global-color-5)","background-image":"","background-repeat":"repeat","background-position":"center center","background-size":"auto","background-attachment":"scroll","background-type":"","background-media":"","overlay-type":"","overlay-color":"","overlay-opacity":"","overlay-gradient":""},"tablet":{"background-color":"var(--ast-global-color-5)","background-image":"","background-repeat":"repeat","background-position":"center center","background-size":"auto","background-attachment":"scroll","background-type":"","background-media":"","overlay-type":"","overlay-color":"","overlay-opacity":"","overlay-gradient":""},"mobile":{"background-color":"var(--ast-global-color-5)","background-image":"","background-repeat":"repeat","background-position":"center center","background-size":"auto","background-attachment":"scroll","background-type":"","background-media":"","overlay-type":"","overlay-color":"","overlay-opacity":"","overlay-gradient":""}},"footnotes":""},"class_list":["post-1425","page","type-page","status-publish","hentry"],"aioseo_notices":[],"uagb_featured_image_src":{"full":false,"thumbnail":false,"medium":false,"medium_large":false,"large":false,"1536x1536":false,"2048x2048":false,"trp-custom-language-flag":false,"woocommerce_thumbnail":false,"woocommerce_single":false,"woocommerce_gallery_thumbnail":false},"uagb_author_info":{"display_name":"admin","author_link":"https:\/\/www.paragrafmd.pl\/uk\/author\/admin\/"},"uagb_comment_info":0,"uagb_excerpt":"Publikacje Tutaj zostan\u0105 opublikowane przygotowane przez nasz zesp\u00f3\u0142 serie artyku\u0142\u00f3w na wybrane tematy. Mamy nadzieje, opracowane przez nas informacje b\u0119d\u0105 dla Pa\u0144stwa przydatne. W razie zaistnienia jakichkolwiek pyta\u0144, zapraszamy do kontaktu! Cykl artyku\u0142\u00f3w &#8211; &#8222;Staje si\u0119 przedsi\u0119biorc\u0105&#8222; Seria artyku\u0142\u00f3w przygotowana z my\u015b\u0142\u0105 o osobach, kt\u00f3re dopiero zaczynaj\u0105 realizowa\u0107 swoje marzenia. W danej serii znajdziecie Pa\u0144stwo&hellip;","_links":{"self":[{"href":"https:\/\/www.paragrafmd.pl\/uk\/wp-json\/wp\/v2\/pages\/1425","targetHints":{"allow":["GET"]}}],"collection":[{"href":"https:\/\/www.paragrafmd.pl\/uk\/wp-json\/wp\/v2\/pages"}],"about":[{"href":"https:\/\/www.paragrafmd.pl\/uk\/wp-json\/wp\/v2\/types\/page"}],"author":[{"embeddable":true,"href":"https:\/\/www.paragrafmd.pl\/uk\/wp-json\/wp\/v2\/users\/1"}],"replies":[{"embeddable":true,"href":"https:\/\/www.paragrafmd.pl\/uk\/wp-json\/wp\/v2\/comments?post=1425"}],"version-history":[{"count":28,"href":"https:\/\/www.paragrafmd.pl\/uk\/wp-json\/wp\/v2\/pages\/1425\/revisions"}],"predecessor-version":[{"id":2139,"href":"https:\/\/www.paragrafmd.pl\/uk\/wp-json\/wp\/v2\/pages\/1425\/revisions\/2139"}],"wp:attachment":[{"href":"https:\/\/www.paragrafmd.pl\/uk\/wp-json\/wp\/v2\/media?parent=1425"}],"curies":[{"name":"wp","href":"https:\/\/api.w.org\/{rel}","templated":true}]}}